{"id":2634,"date":"2024-10-14T18:26:38","date_gmt":"2024-10-14T16:26:38","guid":{"rendered":"https:\/\/rotcomm.com\/?page_id=2634"},"modified":"2026-01-31T18:53:44","modified_gmt":"2026-01-31T17:53:44","slug":"about-us","status":"publish","type":"page","link":"https:\/\/rotcomm.com\/it\/about-us\/","title":{"rendered":"Chi siamo"},"content":{"rendered":"<div data-elementor-type=\"wp-page\" data-elementor-id=\"2634\" class=\"elementor elementor-2634\" data-elementor-settings=\"{&quot;kinsey_hide_title_disabled&quot;:&quot;yes&quot;}\">\n\t\t\t\t<div class=\"elementor-element elementor-element-ec5597a e-flex e-con-boxed wpr-particle-no wpr-jarallax-no wpr-parallax-no wpr-sticky-section-no e-con e-parent\" data-id=\"ec5597a\" data-element_type=\"container\" data-e-type=\"container\">\n\t\t\t\t\t<div class=\"e-con-inner\">\n\t\t\t\t<div class=\"elementor-element elementor-element-68cb7e6 elementor-widget__width-inherit elementor-widget elementor-widget-image\" data-id=\"68cb7e6\" data-element_type=\"widget\" data-e-type=\"widget\" data-widget_type=\"image.default\">\n\t\t\t\t<div class=\"elementor-widget-container\">\n\t\t\t\t\t\t\t\t\t\t\t\t\t\t\t<img fetchpriority=\"high\" decoding=\"async\" width=\"1772\" height=\"1181\" src=\"https:\/\/rotcomm.com\/wp-content\/uploads\/2024\/10\/ABOUT-US_stills_239722_lauren-jones-1.jpg\" class=\"attachment-full size-full wp-image-2863\" alt=\"a woman lying on a couch with a laptop\" srcset=\"https:\/\/rotcomm.com\/wp-content\/uploads\/2024\/10\/ABOUT-US_stills_239722_lauren-jones-1.jpg 1772w, https:\/\/rotcomm.com\/wp-content\/uploads\/2024\/10\/ABOUT-US_stills_239722_lauren-jones-1-300x200.jpg 300w, https:\/\/rotcomm.com\/wp-content\/uploads\/2024\/10\/ABOUT-US_stills_239722_lauren-jones-1-1024x682.jpg 1024w, https:\/\/rotcomm.com\/wp-content\/uploads\/2024\/10\/ABOUT-US_stills_239722_lauren-jones-1-768x512.jpg 768w, https:\/\/rotcomm.com\/wp-content\/uploads\/2024\/10\/ABOUT-US_stills_239722_lauren-jones-1-1536x1024.jpg 1536w\" sizes=\"(max-width: 1772px) 100vw, 1772px\" \/>\t\t\t\t\t\t\t\t\t\t\t\t\t\t\t<\/div>\n\t\t\t\t<\/div>\n\t\t\t\t<div class=\"elementor-element elementor-element-a4ea0b2 elementor-widget elementor-widget-text-editor\" data-id=\"a4ea0b2\" data-element_type=\"widget\" data-e-type=\"widget\" data-widget_type=\"text-editor.default\">\n\t\t\t\t<div class=\"elementor-widget-container\">\n\t\t\t\t\t\t\t\t\t<p>Benvenuti in Rot Comm! Siamo qui per gestire le attivit\u00e0 essenziali di PR e Comunicazione di cui tutte le aziende, grandi o piccole, hanno bisogno per raccontare la propria storia\u2014mentre voi siete impegnati a far funzionare la vostra attivit\u00e0 (il che pu\u00f2 essere complicato se state creando un prodotto o progettando un edificio, per esempio).<\/p>\n<p><!-- \/wp:paragraph --><!-- wp:paragraph --><\/p>\n<p>Ed \u00e8 qui che entriamo in gioco noi. Voi potete concentrarvi a migliorare in ci\u00f2 che fate, mentre noi ci occupiamo delle attivit\u00e0 fondamentali di comunicazione come scrivere la vostra newsletter mensile, sistemare il vostro account Instagram, gestire il vostro ufficio stampa o preparare una presentazione aziendale. Correggiamo e umanizziamo persino i testi generati dall'IA.<\/p>\n<p><!-- \/wp:paragraph --><!-- wp:paragraph --><\/p>\n<p>In Rot Comm sappiamo che c\u2019\u00e8 una quantit\u00e0 di lavoro comunicativo che spesso viene soffocato da riunioni di marketing senza fine, strategie e discussioni sul brand\u2014ma che deve comunque essere fatto, e fatto bene, indipendentemente da dove si trovi il logo o se i valori del brand stanno ancora in piedi. Ed \u00e8 proprio in questi lavori altrimenti trascurati che diamo il meglio di noi.<\/p>\n<p><!-- \/wp:paragraph --><!-- wp:paragraph --><\/p>\n<p>Con una formazione in comunicazione aziendale\u2014e grazie al nostro essere met\u00e0 britannici e met\u00e0 italiani\u2014comprendiamo le sfide linguistiche e culturali che possono mettere in difficolt\u00e0 le aziende che operano a livello internazionale. Usiamo la cultura per creare campagne significative e lavoriamo con le persone, che siano dipendenti, clienti, pubblico, partner, fornitori o persino troll.<\/p>\n<p><!-- \/wp:paragraph --><!-- wp:paragraph --><\/p>\n<p class=\"translation-block\">Rot Comm \u00e8 guidata da Chief Yapper and Tapper Marcia Caines (PR e testi) e Chief Yapper and Snapper Tiziana Annone (immagini e social). Lavoriamo insieme da dieci anni, creando comunicazioni di successo.<\/p>\n<p><!-- \/wp:paragraph --><!-- wp:paragraph --><\/p>\n<p>\u00a0<\/p>\t\t\t\t\t\t\t\t<\/div>\n\t\t\t\t<\/div>\n\t\t\t\t\t<\/div>\n\t\t\t\t<\/div>\n\t\t<div class=\"elementor-element elementor-element-cba4cd2 pb-medium e-flex e-con-boxed wpr-particle-no wpr-jarallax-no wpr-parallax-no wpr-sticky-section-no e-con e-parent\" data-id=\"cba4cd2\" data-element_type=\"container\" data-e-type=\"container\">\n\t\t\t\t\t<div class=\"e-con-inner\">\n\t\t<div class=\"elementor-element elementor-element-b5431cb e-grid e-con-full wpr-particle-no wpr-jarallax-no wpr-parallax-no wpr-sticky-section-no e-con e-child\" data-id=\"b5431cb\" data-element_type=\"container\" data-e-type=\"container\" data-settings=\"{&quot;background_background&quot;:&quot;classic&quot;}\">\n\t\t\t\t<div class=\"elementor-element elementor-element-0cb6d03 elementor-widget elementor-widget-text-editor\" data-id=\"0cb6d03\" data-element_type=\"widget\" data-e-type=\"widget\" data-widget_type=\"text-editor.default\">\n\t\t\t\t<div class=\"elementor-widget-container\">\n\t\t\t\t\t\t\t\t\t<p><img decoding=\"async\" class=\"aligncenter wp-image-2682 size-full\" src=\"https:\/\/rotcomm.com\/wp-content\/uploads\/2024\/10\/file.jpg\" alt=\"\" width=\"640\" height=\"640\" \/><\/p>\n<h3>MARCIA<\/h3>\n<p>Marcia ha 30 anni di esperienza nelle PR e nella comunicazione, in settori che vanno dal tessile alla tecnologia di consumo. La sua carriera \u00e8 iniziata negli anni '90 a New York, dove era a capo delle attivit\u00e0 di PR per un'azienda americana che importava filati italiani di lusso, proprio negli anni in cui la email si stava imponendo come sistema di comunicazione globale.<\/p>\n<p>In seguito si \u00e8 trasferita in Italia a lavorare per un'azienda tessile piemontese, gestendo i mercati internazionali nel Regno Unito, negli Stati Uniti e in Russia, in un contesto in cui l\u2019azienda era ancora gestita secondo un paradigma pre-digitale. Dopo essere passata all'editoria, dove ha lavorato sulla transizione dalla carta stampata al digitale.<br \/><br \/>Negli ultimi 13 anni, Marcia \u00e8 stata Head of Brand per Punkt., azienda svizzera di tecnologia di consumo, dove ha sviluppato e preservato l'immagine di un marchio globale, in collaborazione con il designer di fama internazionale Jasper Morrison. Le sue responsabilit\u00e0 comprendevano anche la protezione della reputazione del marchio e la garanzia che tutte le iniziative di branding fossero in linea con gli obiettivi commerciali dell'azienda e ne favorissero la crescita.<\/p>\n<p>Attualmente ha fondato Rot Comm, offrendo la sua esperienza strategica e il suo approccio diretto e pragmatico alla comunicazione del brand e alla gestione della reputazione in tutti i settori. La sua carriera riflette l'adattabilit\u00e0 e la leadership in settori in rapida evoluzione.<\/p>\t\t\t\t\t\t\t\t<\/div>\n\t\t\t\t<\/div>\n\t\t\t\t<div class=\"elementor-element elementor-element-f361397 elementor-widget elementor-widget-text-editor\" data-id=\"f361397\" data-element_type=\"widget\" data-e-type=\"widget\" data-widget_type=\"text-editor.default\">\n\t\t\t\t<div class=\"elementor-widget-container\">\n\t\t\t\t\t\t\t\t\t<p><img decoding=\"async\" class=\"aligncenter wp-image-2683 size-full\" src=\"https:\/\/rotcomm.com\/wp-content\/uploads\/2024\/10\/file2.jpg\" alt=\"\" width=\"640\" height=\"640\" \/><\/p>\n<h3>TIZIANA<\/h3>\n<p>Tiziana ha oltre 20 anni di esperienza nella fotografia, nel design della comunicazione e nella gestione dei social media. Parla quattro lingue - inglese, spagnolo, italiano e francese - e possiede una capacit\u00e0 unica di gestire progetti internazionali e di comunicare efficacemente attraverso i confini culturali.<br \/><br \/>\u00c8 una fotografa esperta, che ha lavorato sul set di produzioni cinematografiche e musicali, oltre che nella fotografia di ritratto e di prodotto. Il suo lavoro \u00e8 stato esposto in diverse mostre e per oltre dieci anni \u00e8 stata la fotografa ufficiale per il brand svizzero Punkt.<br \/><br \/>Oltre alle competenze fotografiche, Tiziana apporta un forte senso estetico e di design ai suoi progetti di comunicazione, con particolare attenzione al campo del visual storytelling.<br \/><br \/>Dal 2014 Tiziana collabora con Marcia Caines, lavorando per Punkt., dove insieme hanno creato campagne di successo centrate su prodotti di design iconici e sul ritorno del 'dumbphone'. Ora, come co-fondatrice di Rot Comm, Tiziana continua ad applicare le sue competenze strategiche e creative per aiutare i brand a comunicare la loro visione con chiarezza e stile.<br \/><br \/><br \/><br \/><\/p>\t\t\t\t\t\t\t\t<\/div>\n\t\t\t\t<\/div>\n\t\t\t\t<\/div>\n\t\t\t\t\t<\/div>\n\t\t\t\t<\/div>\n\t\t\t\t<\/div>","protected":false},"excerpt":{"rendered":"<p>Welcome to RC! We\u2019re here to handle the essential PR and Communication tasks that businesses, big or small, need to tell their story\u2014while you&#8217;re busy running your business (which can be tricky if you\u2019re creating a product or designing a building, for example). That\u2019s where we come in. You focus on getting better at what you do, while we handle those foundational communication tasks like writing your monthly newsletter, fixing your Instagram account, managing your press office, or laying out a company presentation. We even correct and humanize AI-generated text. At Rot Comm, we know there\u2019s a lot of communication work that often gets drowned out by endless marketing meetings, strategies, and brand discussions\u2014but still absolutely needs to get done, and done well regardless of where the logo goes, or if those brand pillars are still standing. And it is exactly those overlooked jobs that we love and are good at. With backgrounds in visual and written communication\u2014and being half British, half Italian\u2014we understand the linguistic and cultural challenges that can trip up companies operating internationally. We use culture to craft meaningful campaigns and work with people, whether it\u2019s employees, customers, audiences, partners, suppliers, or even trolls. Rot Comm is led by Chief Yapper and Tapper Marcia Caines (PR and words) and Chief Yapper and Snapper Tiziana Annone (images and social). We\u2019ve worked together for ten years, creating successful communications, and can provide bios and references upon request. \u00a0 MARCIA Marcia brings 30 years of diverse experience in PR and Communication, spanning industries from textiles to consumer technology. Her career began in the 1990s in New York City, where she led PR efforts for an American company importing luxury Italian yarns, when email was first being used for global communication. She later moved to Italy to work for an Italian textile manufacturer, managing international markets across the UK, USA, and Russia, while navigating a pre-digital world. Transitioning to publishing, she worked through the shift from print to digital. For the past 13 years, Marcia served as Head of Brand for the Swiss consumer tech company, Punkt, where she built and preserved a global brand image under the art direction of the internationally renowned product designer Jasper Morrison. Her responsibilities also included protecting the brand\u2019s reputation and ensuring that all branding initiatives aligned with the company\u2019s business goals and drove growth. Currently, she has founded Rot Comm, offering her strategic expertise and no-nonsense approach to brand communication and reputation management across industries. Her career reflects adaptability and leadership across rapidly evolving sectors. TIZIANA Tiziana brings over 20 years of diverse experience in photography, communication design, and social media management. Fluent in four languages\u2014English, Spanish, Italian, and French\u2014Tiziana has a unique ability to navigate international projects and communicate effectively across cultural boundaries. She is an accomplished photographer, having worked on set for film and music productions, as well as in portrait and product photography. Her work has been featured in several exhibitions, and for over ten years, she served as the official product photographer for the Swiss brand Punkt. In addition to her photography skills, Tiziana brings a strong sense of aesthetics and design to her communication projects, focusing in particular on visual storytelling. Since 2014, Tiziana has collaborated with Marcia Caines, most notably at Punkt., where together they created successful campaigns for iconic design products and the return of the dumbphone. Now, as co-founder of Rot Comm, Tiziana continues to apply her strategic and creative skills in helping brands communicate their vision with clarity and style.<\/p>","protected":false},"author":1,"featured_media":0,"parent":0,"menu_order":0,"comment_status":"closed","ping_status":"closed","template":"","meta":{"_acf_changed":false,"om_disable_all_campaigns":false,"_monsterinsights_skip_tracking":false,"_monsterinsights_sitenote_active":false,"_monsterinsights_sitenote_note":"","_monsterinsights_sitenote_category":0,"footnotes":""},"class_list":["post-2634","page","type-page","status-publish","hentry"],"acf":[],"aioseo_notices":[],"_links":{"self":[{"href":"https:\/\/rotcomm.com\/it\/wp-json\/wp\/v2\/pages\/2634","targetHints":{"allow":["GET"]}}],"collection":[{"href":"https:\/\/rotcomm.com\/it\/wp-json\/wp\/v2\/pages"}],"about":[{"href":"https:\/\/rotcomm.com\/it\/wp-json\/wp\/v2\/types\/page"}],"author":[{"embeddable":true,"href":"https:\/\/rotcomm.com\/it\/wp-json\/wp\/v2\/users\/1"}],"replies":[{"embeddable":true,"href":"https:\/\/rotcomm.com\/it\/wp-json\/wp\/v2\/comments?post=2634"}],"version-history":[{"count":332,"href":"https:\/\/rotcomm.com\/it\/wp-json\/wp\/v2\/pages\/2634\/revisions"}],"predecessor-version":[{"id":3957,"href":"https:\/\/rotcomm.com\/it\/wp-json\/wp\/v2\/pages\/2634\/revisions\/3957"}],"wp:attachment":[{"href":"https:\/\/rotcomm.com\/it\/wp-json\/wp\/v2\/media?parent=2634"}],"curies":[{"name":"wp","href":"https:\/\/api.w.org\/{rel}","templated":true}]}}